{"id":3,"date":"2023-02-16T04:50:25","date_gmt":"2023-02-16T04:50:25","guid":{"rendered":"http:\/\/aupontdolt.fr\/?page_id=3"},"modified":"2023-04-06T09:17:28","modified_gmt":"2023-04-06T09:17:28","slug":"mentions-legales","status":"publish","type":"page","link":"https:\/\/aupontdolt.fr\/en\/mentions-legales\/","title":{"rendered":"Terms of use"},"content":{"rendered":"\t\t<div data-elementor-type=\"wp-page\" data-elementor-id=\"3\" class=\"elementor elementor-3\" data-elementor-post-type=\"page\">\n\t\t\t\t\t\t<section data-particle_enable=\"false\" data-particle-mobile-disabled=\"false\" class=\"elementor-section elementor-top-section elementor-element elementor-element-87455e0 elementor-section-boxed elementor-section-height-default elementor-section-height-default\" data-id=\"87455e0\" data-element_type=\"section\" data-e-type=\"section\">\n\t\t\t\t\t\t<div class=\"elementor-container elementor-column-gap-default\">\n\t\t\t\t\t<div class=\"elementor-column elementor-col-100 elementor-top-column elementor-element elementor-element-3b07d61\" data-id=\"3b07d61\" data-element_type=\"column\" data-e-type=\"column\">\n\t\t\t<div class=\"elementor-widget-wrap elementor-element-populated\">\n\t\t\t\t\t\t<div class=\"elementor-element elementor-element-e73fa7b elementor-widget elementor-widget-spacer\" data-id=\"e73fa7b\" data-element_type=\"widget\" data-e-type=\"widget\" data-widget_type=\"spacer.default\">\n\t\t\t\t<div class=\"elementor-widget-container\">\n\t\t\t\t\t\t\t<div class=\"elementor-spacer\">\n\t\t\t<div class=\"elementor-spacer-inner\"><\/div>\n\t\t<\/div>\n\t\t\t\t\t\t<\/div>\n\t\t\t\t<\/div>\n\t\t\t\t\t<\/div>\n\t\t<\/div>\n\t\t\t\t\t<\/div>\n\t\t<\/section>\n\t\t\t\t<section data-particle_enable=\"false\" data-particle-mobile-disabled=\"false\" class=\"elementor-section elementor-top-section elementor-element elementor-element-68f8b787 elementor-section-boxed elementor-section-height-default elementor-section-height-default\" data-id=\"68f8b787\" data-element_type=\"section\" data-e-type=\"section\">\n\t\t\t\t\t\t<div class=\"elementor-container elementor-column-gap-default\">\n\t\t\t\t\t<div class=\"elementor-column elementor-col-100 elementor-top-column elementor-element elementor-element-52546462\" data-id=\"52546462\" data-element_type=\"column\" data-e-type=\"column\">\n\t\t\t<div class=\"elementor-widget-wrap elementor-element-populated\">\n\t\t\t\t\t\t<div class=\"elementor-element elementor-element-5449210b elementor-widget elementor-widget-text-editor\" data-id=\"5449210b\" data-element_type=\"widget\" data-e-type=\"widget\" data-widget_type=\"text-editor.default\">\n\t\t\t\t<div class=\"elementor-widget-container\">\n\t\t\t\t\t\t\t\t\t<p><\/p>\n<h2 class=\"wp-block-heading\"><span id=\"lwptoc20\">1 - \u00c9dition du site<\/span><\/h2>\n<p>En vertu de\u00a0<a href=\"https:\/\/www.legifrance.gouv.fr\/affichTexte.do?cidTexte=JORFTEXT000000801164#LEGIARTI000042038977\" target=\"_blank\" rel=\"noreferrer noopener\">l'article 6 de la loi n\u00b0 2004-575 du 21 juin 2004<\/a>\u00a0pour la confiance dans l'\u00e9conomie num\u00e9rique, il est pr\u00e9cis\u00e9 aux utilisateurs du site internet\u00a0<strong><span class=\"ff_dynamic_value\" data-ref=\"url\" data-fallback=\"\">https:\/\/aupontdolt.fr\/<\/span><\/strong>\u00a0l'identit\u00e9 des diff\u00e9rents intervenants dans le cadre de sa r\u00e9alisation et de son suivi:<\/p>\n<p><strong>Propri\u00e9taire du site :\u00a0<\/strong><span class=\"ff_dynamic_value\" data-ref=\"nom_proprietaire\" data-fallback=\"\">Alexandre Perez (Entrepreneur Individuel) et Cintia WON (Conjoint collaborateur)<\/span>\u00a0- Contact :\u00a0<span class=\"ff_dynamic_value\" data-ref=\"e_mail_contact\" data-fallback=\"\">aupontdolt@gmail.com<\/span>\u00a0<span class=\"ff_dynamic_value\" data-ref=\"telephone\" data-fallback=\"\">06 52 46 24 20<\/span>\u00a0- Adresse :\u00a0<span class=\"ff_dynamic_value\" data-ref=\"adresse_postale\" data-fallback=\"\">25 avenue de Saint Geniez 12 500 Saint C\u00f4me d\u2019Olt\u00a0<\/span>.<\/p>\n<p><strong>Identification de l'entreprise :<\/strong>\u00a0<span class=\"ff_dynamic_value\" data-ref=\"forme_juridique\" data-fallback=\"\">EI<\/span>\u00a0<span class=\"ff_dynamic_value\" data-ref=\"nom_proprietaire\" data-fallback=\"\">Alexandre Perez (Entrepreneur Individuel) et Cintia WON (Conjoint collaborateur)<\/span>\u00a0au capital social de\u00a0\u20ac - SIREN :\u00a0- RCS ou RM :\u00a0<span class=\"ff_dynamic_value\" data-ref=\"rcs\" data-fallback=\"\">897 939 864 RCS Rodez<\/span>\u00a0- Adresse postale :\u00a0<span class=\"ff_dynamic_value\" data-ref=\"adresse_postale\" data-fallback=\"\">25 avenue de Saint Geniez 12 500 Saint C\u00f4me d\u2019Olt\u00a0<\/span>-\u00a0<span class=\"ff_dynamic_value\" data-ref=\"cgv\" data-fallback=\"\">https:\/\/aupontdolt.fr\/mentions-legales<\/span>\u00a0[Consignes : ajoutez ici le lien hypertexte vers la page de vos conditions g\u00e9n\u00e9rales de vente si vous en avez une]<\/p>\n<p><strong>Directeur de la publication :\u00a0<\/strong>- Contact :\u00a0.<\/p>\n<p><strong>H\u00e9bergeur :<\/strong>\u00a0<span class=\"ff_dynamic_value\" data-ref=\"hebergeur\" data-fallback=\"\">Autre<\/span><span class=\"ff_dynamic_value\" data-ref=\"nom_hebergeur\" data-fallback=\"\">Hostinger<\/span>\u00a0<span class=\"ff_dynamic_value\" data-ref=\"adresse_hebergeur\" data-fallback=\"\">Kaunas, Lituanie Hostinger, UAB Jonavos g. 60C, 44192<\/span>\u00a0<span class=\"ff_dynamic_value\" data-ref=\"telephone_hebergeur\" data-fallback=\"\">recovery@hostinger.com<\/span><\/p>\n<p><strong>D\u00e9l\u00e9gu\u00e9 \u00e0 la protection des donn\u00e9es :\u00a0<\/strong><span class=\"ff_dynamic_value\" data-ref=\"dpo\" data-fallback=\"\">Alexandre Perez\u00a0<\/span>-\u00a0<span class=\"ff_dynamic_value\" data-ref=\"contact_dpo\" data-fallback=\"\">aupontdolt@gmail.com<\/span><\/p>\n<p><strong>Autres contributeurs :<\/strong>\u00a0<span class=\"ff_dynamic_value\" data-ref=\"autres_contributeurs\" data-fallback=\"\">Cr\u00e9dits photos : &amp;Alexandre Perez et Cintia WON<\/span><\/p>\n<p>Int\u00e9gration : <a href=\"https:\/\/deep-dive.fr\/equipe\/andre-gentit-consultant-formateur\/\" style=\"color: #674e00\">Andr\u00e9 Gentit <\/a><a href=\"https:\/\/deep-dive.fr\/creation-site-internet-cantal-et-aveyron\/\" style=\"color: #674e00\" >DeepDive Communication Aveyron<\/a><\/p>\n<hr class=\"wp-block-separator\" \/>\n<h2><span id=\"lwptoc21\">2 - Propri\u00e9t\u00e9 intellectuelle et contrefa\u00e7ons.<\/span><\/h2>\n<p><strong><span class=\"ff_dynamic_value\" data-ref=\"nom_proprietaire\" data-fallback=\"\">Alexandre Perez (Entrepreneur Individuel) et Cintia WON (Conjoint collaborateur)<\/span><\/strong>\u00a0est propri\u00e9taire des droits de propri\u00e9t\u00e9 intellectuelle et d\u00e9tient les droits d\u2019usage sur tous les \u00e9l\u00e9ments accessibles sur le site internet, notamment les textes, images, graphismes, logos, vid\u00e9os, architecture, ic\u00f4nes et sons.<\/p>\n<p>Toute reproduction, repr\u00e9sentation, modification, publication, adaptation de tout ou partie des \u00e9l\u00e9ments du site, quel que soit le moyen ou le proc\u00e9d\u00e9 utilis\u00e9, est interdite, sauf autorisation \u00e9crite pr\u00e9alable de\u00a0<strong><span class=\"ff_dynamic_value\" data-ref=\"nom_proprietaire\" data-fallback=\"\">Alexandre Perez (Entrepreneur Individuel) et Cintia WON (Conjoint collaborateur)<\/span><\/strong>.<\/p>\n<p>Toute exploitation non autoris\u00e9e du site ou de l\u2019un quelconque des \u00e9l\u00e9ments qu\u2019il contient sera consid\u00e9r\u00e9e comme constitutive d\u2019une contrefa\u00e7on et poursuivie conform\u00e9ment aux dispositions des articles\u00a0<a href=\"https:\/\/www.legifrance.gouv.fr\/affichCodeArticle.do?idArticle=LEGIARTI000032655082&amp;cidTexte=LEGITEXT000006069414&amp;dateTexte=20160605\" target=\"_blank\" rel=\"noreferrer nofollow noopener\">L.335-2 et suivants du Code de Propri\u00e9t\u00e9 Intellectuelle<\/a>.<\/p>\n<hr class=\"wp-block-separator\" \/>\n<h2><span id=\"lwptoc22\">3 - Limitations de responsabilit\u00e9.<\/span><\/h2>\n<p><strong><span class=\"ff_dynamic_value\" data-ref=\"nom_proprietaire\" data-fallback=\"\">Alexandre Perez (Entrepreneur Individuel) et Cintia WON (Conjoint collaborateur)<\/span><\/strong>\u00a0ne pourra \u00eatre tenu pour responsable des dommages directs et indirects caus\u00e9s au mat\u00e9riel de l\u2019utilisateur, lors de l\u2019acc\u00e8s au site\u00a0<strong><span class=\"ff_dynamic_value\" data-ref=\"url\" data-fallback=\"\">https:\/\/aupontdolt.fr\/<\/span><\/strong>.<\/p>\n<p><strong><span class=\"ff_dynamic_value\" data-ref=\"nom_proprietaire\" data-fallback=\"\">Alexandre Perez (Entrepreneur Individuel) et Cintia WON (Conjoint collaborateur)<\/span><\/strong>\u00a0d\u00e9cline toute responsabilit\u00e9 quant \u00e0 l\u2019utilisation qui pourrait \u00eatre faite des informations et contenus pr\u00e9sents sur\u00a0<strong><span class=\"ff_dynamic_value\" data-ref=\"url\" data-fallback=\"\">https:\/\/aupontdolt.fr\/<\/span><\/strong>.<\/p>\n<p><strong><span class=\"ff_dynamic_value\" data-ref=\"nom_proprietaire\" data-fallback=\"\">Alexandre Perez (Entrepreneur Individuel) et Cintia WON (Conjoint collaborateur)<\/span><\/strong>\u00a0s\u2019engage \u00e0 s\u00e9curiser au mieux le site\u00a0<strong><span class=\"ff_dynamic_value\" data-ref=\"url\" data-fallback=\"\">https:\/\/aupontdolt.fr\/<\/span><\/strong>, cependant sa responsabilit\u00e9 ne pourra \u00eatre mise en cause si des donn\u00e9es ind\u00e9sirables sont import\u00e9es et install\u00e9es sur son site \u00e0 son insu.<\/p>\n<p>Des espaces interactifs (espace contact ou commentaires) sont \u00e0 la disposition des utilisateurs.\u00a0<strong><span class=\"ff_dynamic_value\" data-ref=\"nom_proprietaire\" data-fallback=\"\">Alexandre Perez (Entrepreneur Individuel) et Cintia WON (Conjoint collaborateur)<\/span><\/strong>\u00a0se r\u00e9serve le droit de supprimer, sans mise en demeure pr\u00e9alable, tout contenu d\u00e9pos\u00e9 dans cet espace qui contreviendrait \u00e0 la l\u00e9gislation applicable en France, en particulier aux dispositions relatives \u00e0 la protection des donn\u00e9es.<\/p>\n<p>Le cas \u00e9ch\u00e9ant,\u00a0<strong><span class=\"ff_dynamic_value\" data-ref=\"nom_proprietaire\" data-fallback=\"\">Alexandre Perez (Entrepreneur Individuel) et Cintia WON (Conjoint collaborateur)<\/span><\/strong>\u00a0se r\u00e9serve \u00e9galement la possibilit\u00e9 de mettre en cause la responsabilit\u00e9 civile et\/ou p\u00e9nale de l\u2019utilisateur, notamment en cas de message \u00e0 caract\u00e8re raciste, injurieux, diffamant, ou pornographique, quel que soit le support utilis\u00e9 (texte, photographie \u2026).<\/p>\n<hr class=\"wp-block-separator\" \/>\n<h2><span id=\"lwptoc23\">4 - CNIL et gestion des donn\u00e9es personnelles.<\/span><\/h2>\n<p>Conform\u00e9ment aux dispositions de\u00a0<a href=\"https:\/\/www.legifrance.gouv.fr\/affichTexte.do?cidTexte=JORFTEXT000000886460\" target=\"_blank\" rel=\"noreferrer nofollow noopener\">la loi 78-17 du 6 janvier 1978 modifi\u00e9e<\/a>, l\u2019utilisateur du site\u00a0<strong><span class=\"ff_dynamic_value\" data-ref=\"url\" data-fallback=\"\">https:\/\/aupontdolt.fr\/<\/span><\/strong>\u00a0dispose d\u2019un droit d\u2019acc\u00e8s, de modification et de suppression des informations collect\u00e9es. Pour exercer ce droit, envoyez un message \u00e0 notre D\u00e9l\u00e9gu\u00e9 \u00e0 la Protection des Donn\u00e9es :\u00a0<strong><span class=\"ff_dynamic_value\" data-ref=\"dpo\" data-fallback=\"\">Alexandre Perez\u00a0<\/span><\/strong>-\u00a0<strong><span class=\"ff_dynamic_value\" data-ref=\"contact_dpo\" data-fallback=\"\">aupontdolt@gmail.com<\/span><\/strong>.<\/p>\n<p>Pour plus d'informations sur la fa\u00e7on dont nous traitons vos donn\u00e9es (type de donn\u00e9es, finalit\u00e9, destinataire...), lisez notre\u00a0<strong><span class=\"ff_dynamic_value\" data-ref=\"politique_confidentialite\" data-fallback=\"\">https:\/\/aupontdolt.fr\/politique-de-cookies-ue\/<\/span><\/strong>.\u00a0[Consignes : ajoutez ici le lien hypertexte vers votre politique de confidentialit\u00e9]<\/p>\n<hr class=\"wp-block-separator\" \/>\n<h2><span id=\"lwptoc24\">5 - Liens hypertextes et cookies<\/span><\/h2>\n<p>Le site\u00a0<strong><span class=\"ff_dynamic_value\" data-ref=\"url\" data-fallback=\"\">https:\/\/aupontdolt.fr\/<\/span><\/strong>\u00a0contient des liens hypertextes vers d\u2019autres sites et d\u00e9gage toute responsabilit\u00e9 \u00e0 propos de ces liens externes ou des liens cr\u00e9\u00e9s par d\u2019autres sites vers\u00a0<strong><span class=\"ff_dynamic_value\" data-ref=\"url\" data-fallback=\"\">https:\/\/aupontdolt.fr\/<\/span><\/strong>.<\/p>\n<p>La navigation sur le site\u00a0<strong><span class=\"ff_dynamic_value\" data-ref=\"url\" data-fallback=\"\">https:\/\/aupontdolt.fr\/<\/span><\/strong>\u00a0est susceptible de provoquer l\u2019installation de cookie(s) sur l\u2019ordinateur de l\u2019utilisateur.<\/p>\n<p>Un \"cookie\" est un fichier de petite taille qui enregistre des informations relatives \u00e0 la navigation d\u2019un utilisateur sur un site. Les donn\u00e9es ainsi obtenues permettent d'obtenir des mesures de fr\u00e9quentation, par exemple.<\/p>\n<p>Vous avez la possibilit\u00e9\u00a0<strong>d\u2019accepter ou de refuser les cookies<\/strong>\u00a0en modifiant les param\u00e8tres de votre navigateur. Aucun cookie ne sera d\u00e9pos\u00e9 sans votre consentement.<\/p>\n<p>Les cookies sont enregistr\u00e9s pour une dur\u00e9e maximale de\u00a0<span class=\"ff_dynamic_value\" data-ref=\"cookies\" data-fallback=\"\">12<\/span>\u00a0mois.<\/p>\n<p>Pour plus d'informations sur la fa\u00e7on dont nous faisons usage des cookies, lisez notre\u00a0<strong><span class=\"ff_dynamic_value\" data-ref=\"politique_confidentialite\" data-fallback=\"\">https:\/\/aupontdolt.fr\/politique-de-cookies-ue\/<\/span><\/strong>.\u00a0[Consignes : ajoutez ici le lien hypertexte vers votre politique de confidentialit\u00e9 ou vers votre politique de cookies si vous en avez une (c'est le cas si vous utilisez Complianz)]<\/p>\n<hr class=\"wp-block-separator\" \/>\n<h2><span id=\"lwptoc25\">6 - Droit applicable et attribution de juridiction.<\/span><\/h2>\n<p>Tout litige en relation avec l\u2019utilisation du site\u00a0<strong><span class=\"ff_dynamic_value\" data-ref=\"url\" data-fallback=\"\">https:\/\/aupontdolt.fr\/<\/span><\/strong>\u00a0est soumis au droit fran\u00e7ais. En dehors des cas o\u00f9 la loi ne le permet pas, il est fait attribution exclusive de juridiction aux tribunaux comp\u00e9tents de\u00a0<strong><span class=\"ff_dynamic_value\" data-ref=\"ville_du_tribunal\" data-fallback=\"\">Rodez<\/span><\/strong>.<\/p>\n<p><\/p>\t\t\t\t\t\t\t\t<\/div>\n\t\t\t\t<\/div>\n\t\t\t\t\t<\/div>\n\t\t<\/div>\n\t\t\t\t\t<\/div>\n\t\t<\/section>\n\t\t\t\t<\/div>\n\t\t","protected":false},"excerpt":{"rendered":"<p>1 - \u00c9dition du site En vertu de\u00a0l'article 6 de la loi n\u00b0 2004-575 du 21 juin 2004\u00a0pour la confiance dans l'\u00e9conomie num\u00e9rique, il est pr\u00e9cis\u00e9 aux utilisateurs du site internet\u00a0https:\/\/aupontdolt.fr\/\u00a0l'identit\u00e9 des diff\u00e9rents intervenants dans le cadre de sa r\u00e9alisation et de son suivi: Propri\u00e9taire du site :\u00a0Alexandre Perez (Entrepreneur Individuel) et Cintia WON (Conjoint [&hellip;]<\/p>\n","protected":false},"author":1,"featured_media":0,"parent":0,"menu_order":0,"comment_status":"closed","ping_status":"closed","template":"elementor_header_footer","meta":{"footnotes":""},"class_list":["post-3","page","type-page","status-publish","hentry"],"yoast_head":"<!-- This site is optimized with the Yoast SEO plugin v27.5 - https:\/\/yoast.com\/product\/yoast-seo-wordpress\/ -->\n<title>Mentions l\u00e9gales - Cintia et Alex - Au Pont d Olt<\/title>\n<meta name=\"robots\" content=\"index, follow, max-snippet:-1, max-image-preview:large, max-video-preview:-1\" \/>\n<link rel=\"canonical\" href=\"https:\/\/aupontdolt.fr\/en\/mentions-legales\/\" \/>\n<meta property=\"og:locale\" content=\"en_GB\" \/>\n<meta property=\"og:type\" content=\"article\" \/>\n<meta property=\"og:title\" content=\"Mentions l\u00e9gales - Cintia et Alex - Au Pont d Olt\" \/>\n<meta property=\"og:description\" content=\"1 - \u00c9dition du site En vertu de\u00a0l&#039;article 6 de la loi n\u00b0 2004-575 du 21 juin 2004\u00a0pour la confiance dans l&#039;\u00e9conomie num\u00e9rique, il est pr\u00e9cis\u00e9 aux utilisateurs du site internet\u00a0https:\/\/aupontdolt.fr\/\u00a0l&#039;identit\u00e9 des diff\u00e9rents intervenants dans le cadre de sa r\u00e9alisation et de son suivi: Propri\u00e9taire du site :\u00a0Alexandre Perez (Entrepreneur Individuel) et Cintia WON (Conjoint [&hellip;]\" \/>\n<meta property=\"og:url\" content=\"https:\/\/aupontdolt.fr\/en\/mentions-legales\/\" \/>\n<meta property=\"og:site_name\" content=\"Cintia et Alex - Au Pont d Olt\" \/>\n<meta property=\"article:publisher\" content=\"https:\/\/www.facebook.com\/aupontdolt\" \/>\n<meta property=\"article:modified_time\" content=\"2023-04-06T09:17:28+00:00\" \/>\n<meta name=\"twitter:card\" content=\"summary_large_image\" \/>\n<meta name=\"twitter:label1\" content=\"Estimated reading time\" \/>\n\t<meta name=\"twitter:data1\" content=\"5 minutes\" \/>\n<script type=\"application\/ld+json\" class=\"yoast-schema-graph\">{\"@context\":\"https:\\\/\\\/schema.org\",\"@graph\":[{\"@type\":\"WebPage\",\"@id\":\"https:\\\/\\\/aupontdolt.fr\\\/mentions-legales\\\/\",\"url\":\"https:\\\/\\\/aupontdolt.fr\\\/mentions-legales\\\/\",\"name\":\"Mentions l\u00e9gales - Cintia et Alex - Au Pont d Olt\",\"isPartOf\":{\"@id\":\"https:\\\/\\\/aupontdolt.fr\\\/#website\"},\"datePublished\":\"2023-02-16T04:50:25+00:00\",\"dateModified\":\"2023-04-06T09:17:28+00:00\",\"breadcrumb\":{\"@id\":\"https:\\\/\\\/aupontdolt.fr\\\/mentions-legales\\\/#breadcrumb\"},\"inLanguage\":\"en-GB\",\"potentialAction\":[{\"@type\":\"ReadAction\",\"target\":[\"https:\\\/\\\/aupontdolt.fr\\\/mentions-legales\\\/\"]}]},{\"@type\":\"BreadcrumbList\",\"@id\":\"https:\\\/\\\/aupontdolt.fr\\\/mentions-legales\\\/#breadcrumb\",\"itemListElement\":[{\"@type\":\"ListItem\",\"position\":1,\"name\":\"Accueil\",\"item\":\"https:\\\/\\\/aupontdolt.fr\\\/\"},{\"@type\":\"ListItem\",\"position\":2,\"name\":\"Mentions l\u00e9gales\"}]},{\"@type\":\"WebSite\",\"@id\":\"https:\\\/\\\/aupontdolt.fr\\\/#website\",\"url\":\"https:\\\/\\\/aupontdolt.fr\\\/\",\"name\":\"Cintia et Alex - Au Pont d Olt\",\"description\":\"Un peu de Br\u00e9sil en Aveyron\",\"publisher\":{\"@id\":\"https:\\\/\\\/aupontdolt.fr\\\/#organization\"},\"potentialAction\":[{\"@type\":\"SearchAction\",\"target\":{\"@type\":\"EntryPoint\",\"urlTemplate\":\"https:\\\/\\\/aupontdolt.fr\\\/?s={search_term_string}\"},\"query-input\":{\"@type\":\"PropertyValueSpecification\",\"valueRequired\":true,\"valueName\":\"search_term_string\"}}],\"inLanguage\":\"en-GB\"},{\"@type\":\"Organization\",\"@id\":\"https:\\\/\\\/aupontdolt.fr\\\/#organization\",\"name\":\"Au Pont d'Olt\",\"url\":\"https:\\\/\\\/aupontdolt.fr\\\/\",\"logo\":{\"@type\":\"ImageObject\",\"inLanguage\":\"en-GB\",\"@id\":\"https:\\\/\\\/aupontdolt.fr\\\/#\\\/schema\\\/logo\\\/image\\\/\",\"url\":\"https:\\\/\\\/aupontdolt.fr\\\/wp-content\\\/uploads\\\/2023\\\/03\\\/AU-PONT-DOLT.png\",\"contentUrl\":\"https:\\\/\\\/aupontdolt.fr\\\/wp-content\\\/uploads\\\/2023\\\/03\\\/AU-PONT-DOLT.png\",\"width\":337,\"height\":327,\"caption\":\"Au Pont d'Olt\"},\"image\":{\"@id\":\"https:\\\/\\\/aupontdolt.fr\\\/#\\\/schema\\\/logo\\\/image\\\/\"},\"sameAs\":[\"https:\\\/\\\/www.facebook.com\\\/aupontdolt\"]}]}<\/script>\n<!-- \/ Yoast SEO plugin. -->","yoast_head_json":{"title":"Mentions l\u00e9gales - Cintia et Alex - Au Pont d Olt","robots":{"index":"index","follow":"follow","max-snippet":"max-snippet:-1","max-image-preview":"max-image-preview:large","max-video-preview":"max-video-preview:-1"},"canonical":"https:\/\/aupontdolt.fr\/en\/mentions-legales\/","og_locale":"en_GB","og_type":"article","og_title":"Mentions l\u00e9gales - Cintia et Alex - Au Pont d Olt","og_description":"1 - \u00c9dition du site En vertu de\u00a0l'article 6 de la loi n\u00b0 2004-575 du 21 juin 2004\u00a0pour la confiance dans l'\u00e9conomie num\u00e9rique, il est pr\u00e9cis\u00e9 aux utilisateurs du site internet\u00a0https:\/\/aupontdolt.fr\/\u00a0l'identit\u00e9 des diff\u00e9rents intervenants dans le cadre de sa r\u00e9alisation et de son suivi: Propri\u00e9taire du site :\u00a0Alexandre Perez (Entrepreneur Individuel) et Cintia WON (Conjoint [&hellip;]","og_url":"https:\/\/aupontdolt.fr\/en\/mentions-legales\/","og_site_name":"Cintia et Alex - Au Pont d Olt","article_publisher":"https:\/\/www.facebook.com\/aupontdolt","article_modified_time":"2023-04-06T09:17:28+00:00","twitter_card":"summary_large_image","twitter_misc":{"Estimated reading time":"5 minutes"},"schema":{"@context":"https:\/\/schema.org","@graph":[{"@type":"WebPage","@id":"https:\/\/aupontdolt.fr\/mentions-legales\/","url":"https:\/\/aupontdolt.fr\/mentions-legales\/","name":"Mentions l\u00e9gales - Cintia et Alex - Au Pont d Olt","isPartOf":{"@id":"https:\/\/aupontdolt.fr\/#website"},"datePublished":"2023-02-16T04:50:25+00:00","dateModified":"2023-04-06T09:17:28+00:00","breadcrumb":{"@id":"https:\/\/aupontdolt.fr\/mentions-legales\/#breadcrumb"},"inLanguage":"en-GB","potentialAction":[{"@type":"ReadAction","target":["https:\/\/aupontdolt.fr\/mentions-legales\/"]}]},{"@type":"BreadcrumbList","@id":"https:\/\/aupontdolt.fr\/mentions-legales\/#breadcrumb","itemListElement":[{"@type":"ListItem","position":1,"name":"Accueil","item":"https:\/\/aupontdolt.fr\/"},{"@type":"ListItem","position":2,"name":"Mentions l\u00e9gales"}]},{"@type":"WebSite","@id":"https:\/\/aupontdolt.fr\/#website","url":"https:\/\/aupontdolt.fr\/","name":"Cintia et Alex - Au Pont d Olt","description":"Un peu de Br\u00e9sil en Aveyron","publisher":{"@id":"https:\/\/aupontdolt.fr\/#organization"},"potentialAction":[{"@type":"SearchAction","target":{"@type":"EntryPoint","urlTemplate":"https:\/\/aupontdolt.fr\/?s={search_term_string}"},"query-input":{"@type":"PropertyValueSpecification","valueRequired":true,"valueName":"search_term_string"}}],"inLanguage":"en-GB"},{"@type":"Organization","@id":"https:\/\/aupontdolt.fr\/#organization","name":"Au Pont d'Olt","url":"https:\/\/aupontdolt.fr\/","logo":{"@type":"ImageObject","inLanguage":"en-GB","@id":"https:\/\/aupontdolt.fr\/#\/schema\/logo\/image\/","url":"https:\/\/aupontdolt.fr\/wp-content\/uploads\/2023\/03\/AU-PONT-DOLT.png","contentUrl":"https:\/\/aupontdolt.fr\/wp-content\/uploads\/2023\/03\/AU-PONT-DOLT.png","width":337,"height":327,"caption":"Au Pont d'Olt"},"image":{"@id":"https:\/\/aupontdolt.fr\/#\/schema\/logo\/image\/"},"sameAs":["https:\/\/www.facebook.com\/aupontdolt"]}]}},"_links":{"self":[{"href":"https:\/\/aupontdolt.fr\/en\/wp-json\/wp\/v2\/pages\/3","targetHints":{"allow":["GET"]}}],"collection":[{"href":"https:\/\/aupontdolt.fr\/en\/wp-json\/wp\/v2\/pages"}],"about":[{"href":"https:\/\/aupontdolt.fr\/en\/wp-json\/wp\/v2\/types\/page"}],"author":[{"embeddable":true,"href":"https:\/\/aupontdolt.fr\/en\/wp-json\/wp\/v2\/users\/1"}],"replies":[{"embeddable":true,"href":"https:\/\/aupontdolt.fr\/en\/wp-json\/wp\/v2\/comments?post=3"}],"version-history":[{"count":0,"href":"https:\/\/aupontdolt.fr\/en\/wp-json\/wp\/v2\/pages\/3\/revisions"}],"wp:attachment":[{"href":"https:\/\/aupontdolt.fr\/en\/wp-json\/wp\/v2\/media?parent=3"}],"curies":[{"name":"wp","href":"https:\/\/api.w.org\/{rel}","templated":true}]}}