{"id":41,"date":"2023-03-01T20:10:21","date_gmt":"2023-03-01T20:10:21","guid":{"rendered":"https:\/\/aupontdolt.fr\/?page_id=41"},"modified":"2025-02-25T04:03:02","modified_gmt":"2025-02-25T04:03:02","slug":"contact","status":"publish","type":"page","link":"https:\/\/aupontdolt.fr\/en\/contact\/","title":{"rendered":"Contact"},"content":{"rendered":"\t\t<div data-elementor-type=\"wp-page\" data-elementor-id=\"41\" class=\"elementor elementor-41\" data-elementor-post-type=\"page\">\n\t\t\t\t\t\t<section data-particle_enable=\"false\" data-particle-mobile-disabled=\"false\" class=\"elementor-section elementor-top-section elementor-element elementor-element-7d30504b elementor-section-boxed elementor-section-height-default elementor-section-height-default\" data-id=\"7d30504b\" data-element_type=\"section\" data-e-type=\"section\">\n\t\t\t\t\t\t<div class=\"elementor-container elementor-column-gap-default\">\n\t\t\t\t\t<div class=\"elementor-column elementor-col-100 elementor-top-column elementor-element elementor-element-7e44f86c\" data-id=\"7e44f86c\" data-element_type=\"column\" data-e-type=\"column\">\n\t\t\t<div class=\"elementor-widget-wrap elementor-element-populated\">\n\t\t\t\t\t\t<div class=\"elementor-element elementor-element-6e8e9c29 elementor-widget elementor-widget-text-editor\" data-id=\"6e8e9c29\" data-element_type=\"widget\" data-e-type=\"widget\" data-widget_type=\"text-editor.default\">\n\t\t\t\t<div class=\"elementor-widget-container\">\n\t\t\t\t\t\t\t\t\t<div class=\"is-default-size wp-block-site-logo\"><a href=\"https:\/\/aupontdolt.fr\/en\/\" class=\"custom-logo-link\" rel=\"home\"><img fetchpriority=\"high\" decoding=\"async\" width=\"337\" height=\"327\" src=\"https:\/\/aupontdolt.fr\/wp-content\/uploads\/2023\/03\/AU-PONT-DOLT.png\" class=\"custom-logo\" alt=\"Cintia et Alex - Au Pont d Olt\" srcset=\"https:\/\/aupontdolt.fr\/wp-content\/uploads\/2023\/03\/AU-PONT-DOLT.png 337w, https:\/\/aupontdolt.fr\/wp-content\/uploads\/2023\/03\/AU-PONT-DOLT-300x291.png 300w\" sizes=\"(max-width: 337px) 100vw, 337px\" \/><\/a><\/div>\t\t\t\t\t\t\t\t<\/div>\n\t\t\t\t<\/div>\n\t\t\t\t\t<\/div>\n\t\t<\/div>\n\t\t\t\t\t<\/div>\n\t\t<\/section>\n\t\t\t\t<section data-particle_enable=\"false\" data-particle-mobile-disabled=\"false\" class=\"elementor-section elementor-top-section elementor-element elementor-element-affe764 elementor-section-full_width elementor-section-height-default elementor-section-height-default\" data-id=\"affe764\" data-element_type=\"section\" data-e-type=\"section\">\n\t\t\t\t\t\t<div class=\"elementor-container elementor-column-gap-default\">\n\t\t\t\t\t<div class=\"elementor-column elementor-col-100 elementor-top-column elementor-element elementor-element-67b778f\" data-id=\"67b778f\" data-element_type=\"column\" data-e-type=\"column\">\n\t\t\t<div class=\"elementor-widget-wrap elementor-element-populated\">\n\t\t\t\t\t\t<section data-particle_enable=\"false\" data-particle-mobile-disabled=\"false\" class=\"elementor-section elementor-inner-section elementor-element elementor-element-7beacb6 elementor-section-boxed elementor-section-height-default elementor-section-height-default\" data-id=\"7beacb6\" data-element_type=\"section\" data-e-type=\"section\" data-settings=\"{&quot;background_background&quot;:&quot;slideshow&quot;,&quot;background_slideshow_gallery&quot;:[{&quot;id&quot;:335,&quot;url&quot;:&quot;https:\\\/\\\/aupontdolt.fr\\\/wp-content\\\/uploads\\\/2023\\\/03\\\/livre-dor-Au-pont-dOlt-2.jpg&quot;},{&quot;id&quot;:336,&quot;url&quot;:&quot;https:\\\/\\\/aupontdolt.fr\\\/wp-content\\\/uploads\\\/2023\\\/03\\\/livre-dor-Au-pont-dOlt.jpg&quot;},{&quot;id&quot;:344,&quot;url&quot;:&quot;https:\\\/\\\/aupontdolt.fr\\\/wp-content\\\/uploads\\\/2023\\\/03\\\/St-come-dolt-Aveyron.jpg&quot;}],&quot;background_slideshow_loop&quot;:&quot;yes&quot;,&quot;background_slideshow_slide_duration&quot;:5000,&quot;background_slideshow_slide_transition&quot;:&quot;fade&quot;,&quot;background_slideshow_transition_duration&quot;:500}\">\n\t\t\t\t\t\t\t<div class=\"elementor-background-overlay\"><\/div>\n\t\t\t\t\t\t\t<div class=\"elementor-container elementor-column-gap-default\">\n\t\t\t\t\t<div class=\"elementor-column elementor-col-100 elementor-inner-column elementor-element elementor-element-a564297\" data-id=\"a564297\" data-element_type=\"column\" data-e-type=\"column\">\n\t\t\t<div class=\"elementor-widget-wrap elementor-element-populated\">\n\t\t\t\t\t\t<div class=\"elementor-element elementor-element-0e9363a elementor-widget elementor-widget-heading\" data-id=\"0e9363a\" data-element_type=\"widget\" data-e-type=\"widget\" data-widget_type=\"heading.default\">\n\t\t\t\t<div class=\"elementor-widget-container\">\n\t\t\t\t\t<h1 class=\"elementor-heading-title elementor-size-default\">Contact<\/h1>\t\t\t\t<\/div>\n\t\t\t\t<\/div>\n\t\t\t\t<div class=\"elementor-element elementor-element-4d2083c elementor-align-center elementor-widget elementor-widget-breadcrumbs\" data-id=\"4d2083c\" data-element_type=\"widget\" data-e-type=\"widget\" data-widget_type=\"breadcrumbs.default\">\n\t\t\t\t<div class=\"elementor-widget-container\">\n\t\t\t\t\t<p id=\"breadcrumbs\"><span><span><a href=\"https:\/\/aupontdolt.fr\/\">Accueil<\/a><\/span><\/span><\/p>\t\t\t\t<\/div>\n\t\t\t\t<\/div>\n\t\t\t\t\t<\/div>\n\t\t<\/div>\n\t\t\t\t\t<\/div>\n\t\t<\/section>\n\t\t\t\t\t<\/div>\n\t\t<\/div>\n\t\t\t\t\t<\/div>\n\t\t<\/section>\n\t\t\t\t<section data-particle_enable=\"false\" data-particle-mobile-disabled=\"false\" class=\"elementor-section elementor-top-section elementor-element elementor-element-406f8bb elementor-section-boxed elementor-section-height-default elementor-section-height-default\" data-id=\"406f8bb\" data-element_type=\"section\" data-e-type=\"section\">\n\t\t\t\t\t\t<div class=\"elementor-container elementor-column-gap-default\">\n\t\t\t\t\t<div class=\"elementor-column elementor-col-50 elementor-top-column elementor-element elementor-element-49fc6e63\" data-id=\"49fc6e63\" data-element_type=\"column\" data-e-type=\"column\">\n\t\t\t<div class=\"elementor-widget-wrap elementor-element-populated\">\n\t\t\t\t\t\t<div class=\"elementor-element elementor-element-1e35adaa elementor-widget elementor-widget-image\" data-id=\"1e35adaa\" data-element_type=\"widget\" data-e-type=\"widget\" data-widget_type=\"image.default\">\n\t\t\t\t<div class=\"elementor-widget-container\">\n\t\t\t\t\t\t\t\t\t\t\t\t\t\t\t<img decoding=\"async\" width=\"768\" height=\"1024\" src=\"https:\/\/aupontdolt.fr\/wp-content\/uploads\/2023\/03\/Cynthia-et-Alex-St-Come-dOLT-768x1024.jpg\" class=\"attachment-large size-large wp-image-327\" alt=\"\" srcset=\"https:\/\/aupontdolt.fr\/wp-content\/uploads\/2023\/03\/Cynthia-et-Alex-St-Come-dOLT-768x1024.jpg 768w, https:\/\/aupontdolt.fr\/wp-content\/uploads\/2023\/03\/Cynthia-et-Alex-St-Come-dOLT-225x300.jpg 225w, https:\/\/aupontdolt.fr\/wp-content\/uploads\/2023\/03\/Cynthia-et-Alex-St-Come-dOLT-rotated.jpg 1080w\" sizes=\"(max-width: 768px) 100vw, 768px\" \/>\t\t\t\t\t\t\t\t\t\t\t\t\t\t\t<\/div>\n\t\t\t\t<\/div>\n\t\t\t\t\t<\/div>\n\t\t<\/div>\n\t\t\t\t<div class=\"elementor-column elementor-col-50 elementor-top-column elementor-element elementor-element-79eaf8d3\" data-id=\"79eaf8d3\" data-element_type=\"column\" data-e-type=\"column\" data-settings=\"{&quot;background_background&quot;:&quot;classic&quot;}\">\n\t\t\t<div class=\"elementor-widget-wrap elementor-element-populated\">\n\t\t\t\t\t\t<div class=\"elementor-element elementor-element-59631301 elementor-widget elementor-widget-heading\" data-id=\"59631301\" data-element_type=\"widget\" data-e-type=\"widget\" data-widget_type=\"heading.default\">\n\t\t\t\t<div class=\"elementor-widget-container\">\n\t\t\t\t\t<h2 class=\"elementor-heading-title elementor-size-small\">Maison d'h\u00f4tes Au pont d'Olt<\/h2>\t\t\t\t<\/div>\n\t\t\t\t<\/div>\n\t\t\t\t<div class=\"elementor-element elementor-element-4dd97255 elementor-widget elementor-widget-heading\" data-id=\"4dd97255\" data-element_type=\"widget\" data-e-type=\"widget\" data-widget_type=\"heading.default\">\n\t\t\t\t<div class=\"elementor-widget-container\">\n\t\t\t\t\t<h2 class=\"elementor-heading-title elementor-size-default\">Contactez Cintia et Alex <\/h2>\t\t\t\t<\/div>\n\t\t\t\t<\/div>\n\t\t\t\t<div class=\"elementor-element elementor-element-4f0c3817 elementor-widget elementor-widget-text-editor\" data-id=\"4f0c3817\" data-element_type=\"widget\" data-e-type=\"widget\" data-widget_type=\"text-editor.default\">\n\t\t\t\t<div class=\"elementor-widget-container\">\n\t\t\t\t\t\t\t\t\t<p class=\"font_2\">Pour des renseignements sur notre maison, la r\u00e9gion ou pour en savoir un peu plus sur nous, n'h\u00e9sitez pas \u00e0 nous \u00e9crire ou nous t\u00e9l\u00e9phoner<\/p>\t\t\t\t\t\t\t\t<\/div>\n\t\t\t\t<\/div>\n\t\t\t\t<div class=\"elementor-element elementor-element-4f45c95 elementor-button-align-stretch elementor-widget elementor-widget-form\" data-id=\"4f45c95\" data-element_type=\"widget\" data-e-type=\"widget\" data-settings=\"{&quot;step_next_label&quot;:&quot;Suivant&quot;,&quot;step_previous_label&quot;:&quot;Pr\\u00e9c\\u00e9dent&quot;,&quot;button_width&quot;:&quot;100&quot;,&quot;step_type&quot;:&quot;number_text&quot;,&quot;step_icon_shape&quot;:&quot;circle&quot;}\" data-widget_type=\"form.default\">\n\t\t\t\t<div class=\"elementor-widget-container\">\n\t\t\t\t\t\t\t<form class=\"elementor-form\" method=\"post\" name=\"Nouveau formulaire\" aria-label=\"Nouveau formulaire\">\n\t\t\t<input type=\"hidden\" name=\"post_id\" value=\"41\"\/>\n\t\t\t<input type=\"hidden\" name=\"form_id\" value=\"4f45c95\"\/>\n\t\t\t<input type=\"hidden\" name=\"referer_title\" value=\"Contact - Cintia et Alex - Au Pont d Olt\" \/>\n\n\t\t\t\t\t\t\t<input type=\"hidden\" name=\"queried_id\" value=\"41\"\/>\n\t\t\t\n\t\t\t<div class=\"elementor-form-fields-wrapper elementor-labels-above\">\n\t\t\t\t\t\t\t\t<div class=\"elementor-field-type-text elementor-field-group elementor-column elementor-field-group-name elementor-col-50\">\n\t\t\t\t\t\t\t\t\t\t\t\t\t<input size=\"1\" type=\"text\" name=\"form_fields[name]\" id=\"form-field-name\" class=\"elementor-field elementor-size-sm  elementor-field-textual\" placeholder=\"Pr\u00e9nom\">\n\t\t\t\t\t\t\t\t\t\t\t<\/div>\n\t\t\t\t\t\t\t\t<div class=\"elementor-field-type-tel elementor-field-group elementor-column elementor-field-group-field_24148df elementor-col-50\">\n\t\t\t\t\t\t\t<input size=\"1\" type=\"tel\" name=\"form_fields[field_24148df]\" id=\"form-field-field_24148df\" class=\"elementor-field elementor-size-sm  elementor-field-textual\" placeholder=\"T\u00e9l\u00e9phone\" pattern=\"[0-9()#&amp;+*-=.]+\" title=\"Seuls les caract\u00e8res de num\u00e9ros de t\u00e9l\u00e9phone (#, -, *, etc.) sont accept\u00e9s.\">\n\n\t\t\t\t\t\t<\/div>\n\t\t\t\t\t\t\t\t<div class=\"elementor-field-type-email elementor-field-group elementor-column elementor-field-group-email elementor-col-100 elementor-field-required\">\n\t\t\t\t\t\t\t\t\t\t\t\t\t<input size=\"1\" type=\"email\" name=\"form_fields[email]\" id=\"form-field-email\" class=\"elementor-field elementor-size-sm  elementor-field-textual\" placeholder=\"E-mail\" required=\"required\">\n\t\t\t\t\t\t\t\t\t\t\t<\/div>\n\t\t\t\t\t\t\t\t<div class=\"elementor-field-type-textarea elementor-field-group elementor-column elementor-field-group-message elementor-col-100\">\n\t\t\t\t\t<textarea class=\"elementor-field-textual elementor-field  elementor-size-sm\" name=\"form_fields[message]\" id=\"form-field-message\" rows=\"4\" placeholder=\"Votre message\"><\/textarea>\t\t\t\t<\/div>\n\t\t\t\t\t\t\t\t<div class=\"elementor-field-type-recaptcha_v3 elementor-field-group elementor-column elementor-field-group-field_0a83d6c elementor-col-100 recaptcha_v3-bottomright\">\n\t\t\t\t\t<div class=\"elementor-field\" id=\"form-field-field_0a83d6c\"><div class=\"elementor-g-recaptcha\" data-sitekey=\"6Ld86WAlAAAAAEWymwJYgHd98ffeLbw7W8eQJK3M\" data-type=\"v3\" data-action=\"Form\" data-badge=\"bottomright\" data-size=\"invisible\"><\/div><\/div>\t\t\t\t<\/div>\n\t\t\t\t\t\t\t\t<div class=\"elementor-field-group elementor-column elementor-field-type-submit elementor-col-100 e-form__buttons\">\n\t\t\t\t\t<button class=\"elementor-button elementor-size-sm elementor-animation-bob\" type=\"submit\">\n\t\t\t\t\t\t<span class=\"elementor-button-content-wrapper\">\n\t\t\t\t\t\t\t\t\t\t\t\t\t\t\t\t\t\t\t\t\t\t<span class=\"elementor-button-text\">Envoyer<\/span>\n\t\t\t\t\t\t\t\t\t\t\t\t\t<\/span>\n\t\t\t\t\t<\/button>\n\t\t\t\t<\/div>\n\t\t\t<\/div>\n\t\t<\/form>\n\t\t\t\t\t\t<\/div>\n\t\t\t\t<\/div>\n\t\t\t\t<div class=\"elementor-element elementor-element-03493e8 e-grid-align-right elementor-shape-rounded elementor-grid-0 elementor-widget elementor-widget-social-icons\" data-id=\"03493e8\" data-element_type=\"widget\" data-e-type=\"widget\" data-widget_type=\"social-icons.default\">\n\t\t\t\t<div class=\"elementor-widget-container\">\n\t\t\t\t\t\t\t<div class=\"elementor-social-icons-wrapper elementor-grid\" role=\"list\">\n\t\t\t\t\t\t\t<span class=\"elementor-grid-item\" role=\"listitem\">\n\t\t\t\t\t<a class=\"elementor-icon elementor-social-icon elementor-social-icon-whatsapp elementor-repeater-item-64b37c7\" href=\"https:\/\/wa.me\/33652462420\" target=\"_blank\">\n\t\t\t\t\t\t<span class=\"elementor-screen-only\">Whatsapp<\/span>\n\t\t\t\t\t\t<i aria-hidden=\"true\" class=\"fab fa-whatsapp\"><\/i>\t\t\t\t\t<\/a>\n\t\t\t\t<\/span>\n\t\t\t\t\t\t\t<span class=\"elementor-grid-item\" role=\"listitem\">\n\t\t\t\t\t<a class=\"elementor-icon elementor-social-icon elementor-social-icon-icon-smartphone elementor-repeater-item-f14a587\" href=\"tel:+33652462420\" target=\"_blank\">\n\t\t\t\t\t\t<span class=\"elementor-screen-only\">Icon-smartphone<\/span>\n\t\t\t\t\t\t<i aria-hidden=\"true\" class=\"icon icon-smartphone\"><\/i>\t\t\t\t\t<\/a>\n\t\t\t\t<\/span>\n\t\t\t\t\t<\/div>\n\t\t\t\t\t\t<\/div>\n\t\t\t\t<\/div>\n\t\t\t\t\t<\/div>\n\t\t<\/div>\n\t\t\t\t\t<\/div>\n\t\t<\/section>\n\t\t\t\t<section data-particle_enable=\"false\" data-particle-mobile-disabled=\"false\" class=\"elementor-section elementor-top-section elementor-element elementor-element-50beb964 elementor-section-full_width elementor-section-height-default elementor-section-height-default\" data-id=\"50beb964\" data-element_type=\"section\" data-e-type=\"section\">\n\t\t\t\t\t\t<div class=\"elementor-container elementor-column-gap-default\">\n\t\t\t\t\t<div class=\"elementor-column elementor-col-100 elementor-top-column elementor-element elementor-element-1cd044c8\" data-id=\"1cd044c8\" data-element_type=\"column\" data-e-type=\"column\">\n\t\t\t<div class=\"elementor-widget-wrap elementor-element-populated\">\n\t\t\t\t\t\t<div class=\"elementor-element elementor-element-75a52594 elementor-widget elementor-widget-google_maps\" data-id=\"75a52594\" data-element_type=\"widget\" data-e-type=\"widget\" data-widget_type=\"google_maps.default\">\n\t\t\t\t<div class=\"elementor-widget-container\">\n\t\t\t\t\t\t\t<div class=\"elementor-custom-embed\">\n\t\t\t<iframe loading=\"lazy\"\n\t\t\t\t\tsrc=\"https:\/\/maps.google.com\/maps?q=25%20av%20de%20Saint%20Geniez%20-%20%2012500%20Saint%20C%C3%B4me%20d%27Olt%20-%20France&#038;t=m&#038;z=14&#038;output=embed&#038;iwloc=near\"\n\t\t\t\t\ttitle=\"25 av de Saint Geniez -  12500 Saint C\u00f4me d&#039;Olt - France\"\n\t\t\t\t\taria-label=\"25 av de Saint Geniez -  12500 Saint C\u00f4me d&#039;Olt - France\"\n\t\t\t><\/iframe>\n\t\t<\/div>\n\t\t\t\t\t\t<\/div>\n\t\t\t\t<\/div>\n\t\t\t\t\t<\/div>\n\t\t<\/div>\n\t\t\t\t\t<\/div>\n\t\t<\/section>\n\t\t\t\t<\/div>\n\t\t","protected":false},"excerpt":{"rendered":"<p>Maison d'h\u00f4tes Au pont d'Olt Contactez Cintia et Alex Pour des renseignements sur notre maison, la r\u00e9gion ou pour en savoir un peu plus sur nous, n'h\u00e9sitez pas \u00e0 nous \u00e9crire ou nous t\u00e9l\u00e9phoner Whatsapp Icon-smartphone<\/p>","protected":false},"author":2,"featured_media":327,"parent":0,"menu_order":0,"comment_status":"closed","ping_status":"closed","template":"elementor_header_footer","meta":{"footnotes":""},"class_list":["post-41","page","type-page","status-publish","has-post-thumbnail","hentry"],"yoast_head":"<!-- This site is optimized with the Yoast SEO plugin v27.4 - https:\/\/yoast.com\/product\/yoast-seo-wordpress\/ -->\n<title>Contact - Cintia et Alex - Au Pont d Olt<\/title>\n<meta name=\"description\" content=\"Formulaire de contact pour toute demande de renseignements sur la maison d&#039;h\u00f4tes Au pont d&#039;Olt. Cintia et Alex vous r\u00e9pondront rapidement\" \/>\n<meta name=\"robots\" content=\"index, follow, max-snippet:-1, max-image-preview:large, max-video-preview:-1\" \/>\n<link rel=\"canonical\" href=\"https:\/\/aupontdolt.fr\/en\/contact\/\" \/>\n<meta property=\"og:locale\" content=\"en_GB\" \/>\n<meta property=\"og:type\" content=\"article\" \/>\n<meta property=\"og:title\" content=\"Contact - Cintia et Alex - Au Pont d Olt\" \/>\n<meta property=\"og:description\" content=\"Formulaire de contact pour toute demande de renseignements sur la maison d&#039;h\u00f4tes Au pont d&#039;Olt. Cintia et Alex vous r\u00e9pondront rapidement\" \/>\n<meta property=\"og:url\" content=\"https:\/\/aupontdolt.fr\/en\/contact\/\" \/>\n<meta property=\"og:site_name\" content=\"Cintia et Alex - Au Pont d Olt\" \/>\n<meta property=\"article:publisher\" content=\"https:\/\/www.facebook.com\/aupontdolt\" \/>\n<meta property=\"article:modified_time\" content=\"2025-02-25T04:03:02+00:00\" \/>\n<meta property=\"og:image\" content=\"https:\/\/aupontdolt.fr\/wp-content\/uploads\/2023\/03\/Cynthia-et-Alex-St-Come-dOLT-rotated.jpg\" \/>\n\t<meta property=\"og:image:width\" content=\"1080\" \/>\n\t<meta property=\"og:image:height\" content=\"1440\" \/>\n\t<meta property=\"og:image:type\" content=\"image\/jpeg\" \/>\n<meta name=\"twitter:card\" content=\"summary_large_image\" \/>\n<meta name=\"twitter:label1\" content=\"Estimated reading time\" \/>\n\t<meta name=\"twitter:data1\" content=\"1 minute\" \/>\n<script type=\"application\/ld+json\" class=\"yoast-schema-graph\">{\"@context\":\"https:\\\/\\\/schema.org\",\"@graph\":[{\"@type\":\"WebPage\",\"@id\":\"https:\\\/\\\/aupontdolt.fr\\\/contact\\\/\",\"url\":\"https:\\\/\\\/aupontdolt.fr\\\/contact\\\/\",\"name\":\"Contact - Cintia et Alex - Au Pont d Olt\",\"isPartOf\":{\"@id\":\"https:\\\/\\\/aupontdolt.fr\\\/#website\"},\"primaryImageOfPage\":{\"@id\":\"https:\\\/\\\/aupontdolt.fr\\\/contact\\\/#primaryimage\"},\"image\":{\"@id\":\"https:\\\/\\\/aupontdolt.fr\\\/contact\\\/#primaryimage\"},\"thumbnailUrl\":\"https:\\\/\\\/aupontdolt.fr\\\/wp-content\\\/uploads\\\/2023\\\/03\\\/Cynthia-et-Alex-St-Come-dOLT-rotated.jpg\",\"datePublished\":\"2023-03-01T20:10:21+00:00\",\"dateModified\":\"2025-02-25T04:03:02+00:00\",\"description\":\"Formulaire de contact pour toute demande de renseignements sur la maison d'h\u00f4tes Au pont d'Olt. Cintia et Alex vous r\u00e9pondront rapidement\",\"breadcrumb\":{\"@id\":\"https:\\\/\\\/aupontdolt.fr\\\/contact\\\/#breadcrumb\"},\"inLanguage\":\"en-GB\",\"potentialAction\":[{\"@type\":\"ReadAction\",\"target\":[\"https:\\\/\\\/aupontdolt.fr\\\/contact\\\/\"]}]},{\"@type\":\"ImageObject\",\"inLanguage\":\"en-GB\",\"@id\":\"https:\\\/\\\/aupontdolt.fr\\\/contact\\\/#primaryimage\",\"url\":\"https:\\\/\\\/aupontdolt.fr\\\/wp-content\\\/uploads\\\/2023\\\/03\\\/Cynthia-et-Alex-St-Come-dOLT-rotated.jpg\",\"contentUrl\":\"https:\\\/\\\/aupontdolt.fr\\\/wp-content\\\/uploads\\\/2023\\\/03\\\/Cynthia-et-Alex-St-Come-dOLT-rotated.jpg\",\"width\":1080,\"height\":1440},{\"@type\":\"BreadcrumbList\",\"@id\":\"https:\\\/\\\/aupontdolt.fr\\\/contact\\\/#breadcrumb\",\"itemListElement\":[{\"@type\":\"ListItem\",\"position\":1,\"name\":\"Accueil\",\"item\":\"https:\\\/\\\/aupontdolt.fr\\\/\"},{\"@type\":\"ListItem\",\"position\":2,\"name\":\"Contact\"}]},{\"@type\":\"WebSite\",\"@id\":\"https:\\\/\\\/aupontdolt.fr\\\/#website\",\"url\":\"https:\\\/\\\/aupontdolt.fr\\\/\",\"name\":\"Cintia et Alex - Au Pont d Olt\",\"description\":\"Un peu de Br\u00e9sil en Aveyron\",\"publisher\":{\"@id\":\"https:\\\/\\\/aupontdolt.fr\\\/#organization\"},\"potentialAction\":[{\"@type\":\"SearchAction\",\"target\":{\"@type\":\"EntryPoint\",\"urlTemplate\":\"https:\\\/\\\/aupontdolt.fr\\\/?s={search_term_string}\"},\"query-input\":{\"@type\":\"PropertyValueSpecification\",\"valueRequired\":true,\"valueName\":\"search_term_string\"}}],\"inLanguage\":\"en-GB\"},{\"@type\":\"Organization\",\"@id\":\"https:\\\/\\\/aupontdolt.fr\\\/#organization\",\"name\":\"Au Pont d'Olt\",\"url\":\"https:\\\/\\\/aupontdolt.fr\\\/\",\"logo\":{\"@type\":\"ImageObject\",\"inLanguage\":\"en-GB\",\"@id\":\"https:\\\/\\\/aupontdolt.fr\\\/#\\\/schema\\\/logo\\\/image\\\/\",\"url\":\"https:\\\/\\\/aupontdolt.fr\\\/wp-content\\\/uploads\\\/2023\\\/03\\\/AU-PONT-DOLT.png\",\"contentUrl\":\"https:\\\/\\\/aupontdolt.fr\\\/wp-content\\\/uploads\\\/2023\\\/03\\\/AU-PONT-DOLT.png\",\"width\":337,\"height\":327,\"caption\":\"Au Pont d'Olt\"},\"image\":{\"@id\":\"https:\\\/\\\/aupontdolt.fr\\\/#\\\/schema\\\/logo\\\/image\\\/\"},\"sameAs\":[\"https:\\\/\\\/www.facebook.com\\\/aupontdolt\"]}]}<\/script>\n<!-- \/ Yoast SEO plugin. -->","yoast_head_json":{"title":"Contact - Cintia et Alex - Au Pont d Olt","description":"Formulaire de contact pour toute demande de renseignements sur la maison d'h\u00f4tes Au pont d'Olt. Cintia et Alex vous r\u00e9pondront rapidement","robots":{"index":"index","follow":"follow","max-snippet":"max-snippet:-1","max-image-preview":"max-image-preview:large","max-video-preview":"max-video-preview:-1"},"canonical":"https:\/\/aupontdolt.fr\/en\/contact\/","og_locale":"en_GB","og_type":"article","og_title":"Contact - Cintia et Alex - Au Pont d Olt","og_description":"Formulaire de contact pour toute demande de renseignements sur la maison d'h\u00f4tes Au pont d'Olt. Cintia et Alex vous r\u00e9pondront rapidement","og_url":"https:\/\/aupontdolt.fr\/en\/contact\/","og_site_name":"Cintia et Alex - Au Pont d Olt","article_publisher":"https:\/\/www.facebook.com\/aupontdolt","article_modified_time":"2025-02-25T04:03:02+00:00","og_image":[{"width":1080,"height":1440,"url":"https:\/\/aupontdolt.fr\/wp-content\/uploads\/2023\/03\/Cynthia-et-Alex-St-Come-dOLT-rotated.jpg","type":"image\/jpeg"}],"twitter_card":"summary_large_image","twitter_misc":{"Estimated reading time":"1 minute"},"schema":{"@context":"https:\/\/schema.org","@graph":[{"@type":"WebPage","@id":"https:\/\/aupontdolt.fr\/contact\/","url":"https:\/\/aupontdolt.fr\/contact\/","name":"Contact - Cintia et Alex - Au Pont d Olt","isPartOf":{"@id":"https:\/\/aupontdolt.fr\/#website"},"primaryImageOfPage":{"@id":"https:\/\/aupontdolt.fr\/contact\/#primaryimage"},"image":{"@id":"https:\/\/aupontdolt.fr\/contact\/#primaryimage"},"thumbnailUrl":"https:\/\/aupontdolt.fr\/wp-content\/uploads\/2023\/03\/Cynthia-et-Alex-St-Come-dOLT-rotated.jpg","datePublished":"2023-03-01T20:10:21+00:00","dateModified":"2025-02-25T04:03:02+00:00","description":"Formulaire de contact pour toute demande de renseignements sur la maison d'h\u00f4tes Au pont d'Olt. Cintia et Alex vous r\u00e9pondront rapidement","breadcrumb":{"@id":"https:\/\/aupontdolt.fr\/contact\/#breadcrumb"},"inLanguage":"en-GB","potentialAction":[{"@type":"ReadAction","target":["https:\/\/aupontdolt.fr\/contact\/"]}]},{"@type":"ImageObject","inLanguage":"en-GB","@id":"https:\/\/aupontdolt.fr\/contact\/#primaryimage","url":"https:\/\/aupontdolt.fr\/wp-content\/uploads\/2023\/03\/Cynthia-et-Alex-St-Come-dOLT-rotated.jpg","contentUrl":"https:\/\/aupontdolt.fr\/wp-content\/uploads\/2023\/03\/Cynthia-et-Alex-St-Come-dOLT-rotated.jpg","width":1080,"height":1440},{"@type":"BreadcrumbList","@id":"https:\/\/aupontdolt.fr\/contact\/#breadcrumb","itemListElement":[{"@type":"ListItem","position":1,"name":"Accueil","item":"https:\/\/aupontdolt.fr\/"},{"@type":"ListItem","position":2,"name":"Contact"}]},{"@type":"WebSite","@id":"https:\/\/aupontdolt.fr\/#website","url":"https:\/\/aupontdolt.fr\/","name":"Cintia et Alex - Au Pont d Olt","description":"Un peu de Br\u00e9sil en Aveyron","publisher":{"@id":"https:\/\/aupontdolt.fr\/#organization"},"potentialAction":[{"@type":"SearchAction","target":{"@type":"EntryPoint","urlTemplate":"https:\/\/aupontdolt.fr\/?s={search_term_string}"},"query-input":{"@type":"PropertyValueSpecification","valueRequired":true,"valueName":"search_term_string"}}],"inLanguage":"en-GB"},{"@type":"Organization","@id":"https:\/\/aupontdolt.fr\/#organization","name":"Au Pont d'Olt","url":"https:\/\/aupontdolt.fr\/","logo":{"@type":"ImageObject","inLanguage":"en-GB","@id":"https:\/\/aupontdolt.fr\/#\/schema\/logo\/image\/","url":"https:\/\/aupontdolt.fr\/wp-content\/uploads\/2023\/03\/AU-PONT-DOLT.png","contentUrl":"https:\/\/aupontdolt.fr\/wp-content\/uploads\/2023\/03\/AU-PONT-DOLT.png","width":337,"height":327,"caption":"Au Pont d'Olt"},"image":{"@id":"https:\/\/aupontdolt.fr\/#\/schema\/logo\/image\/"},"sameAs":["https:\/\/www.facebook.com\/aupontdolt"]}]}},"_links":{"self":[{"href":"https:\/\/aupontdolt.fr\/en\/wp-json\/wp\/v2\/pages\/41","targetHints":{"allow":["GET"]}}],"collection":[{"href":"https:\/\/aupontdolt.fr\/en\/wp-json\/wp\/v2\/pages"}],"about":[{"href":"https:\/\/aupontdolt.fr\/en\/wp-json\/wp\/v2\/types\/page"}],"author":[{"embeddable":true,"href":"https:\/\/aupontdolt.fr\/en\/wp-json\/wp\/v2\/users\/2"}],"replies":[{"embeddable":true,"href":"https:\/\/aupontdolt.fr\/en\/wp-json\/wp\/v2\/comments?post=41"}],"version-history":[{"count":4,"href":"https:\/\/aupontdolt.fr\/en\/wp-json\/wp\/v2\/pages\/41\/revisions"}],"predecessor-version":[{"id":111130,"href":"https:\/\/aupontdolt.fr\/en\/wp-json\/wp\/v2\/pages\/41\/revisions\/111130"}],"wp:featuredmedia":[{"embeddable":true,"href":"https:\/\/aupontdolt.fr\/en\/wp-json\/wp\/v2\/media\/327"}],"wp:attachment":[{"href":"https:\/\/aupontdolt.fr\/en\/wp-json\/wp\/v2\/media?parent=41"}],"curies":[{"name":"wp","href":"https:\/\/api.w.org\/{rel}","templated":true}]}}